{"id":1324,"date":"2024-04-16T17:26:05","date_gmt":"2024-04-16T20:26:05","guid":{"rendered":"https:\/\/tiagocambara.com\/foto\/?page_id=1324"},"modified":"2025-09-16T15:58:50","modified_gmt":"2025-09-16T18:58:50","slug":"01-home","status":"publish","type":"page","link":"https:\/\/tiagocambara.com\/foto\/","title":{"rendered":"Home"},"content":{"rendered":"\t\t<div data-elementor-type=\"wp-page\" data-elementor-id=\"1324\" class=\"elementor elementor-1324\">\n\t\t\t\t\t\t<section class=\"elementor-section elementor-top-section elementor-element elementor-element-a7d7fb5 elementor-section-full_width elementor-section-height-full elementor-section-items-top elementor-hidden-tablet elementor-hidden-mobile elementor-section-height-default\" data-id=\"a7d7fb5\" data-element_type=\"section\" data-e-type=\"section\" data-settings=\"{&quot;background_background&quot;:&quot;classic&quot;}\">\n\t\t\t\t\t\t<div class=\"elementor-container elementor-column-gap-default\">\n\t\t\t\t\t<div class=\"elementor-column elementor-col-100 elementor-top-column elementor-element elementor-element-ed9ea71\" data-id=\"ed9ea71\" data-element_type=\"column\" data-e-type=\"column\">\n\t\t\t<div class=\"elementor-widget-wrap elementor-element-populated\">\n\t\t\t\t\t\t<section class=\"elementor-section elementor-inner-section elementor-element elementor-element-4fc7617 elementor-section-full_width elementor-section-height-default elementor-section-height-default\" data-id=\"4fc7617\" data-element_type=\"section\" data-e-type=\"section\">\n\t\t\t\t\t\t<div class=\"elementor-container elementor-column-gap-default\">\n\t\t\t\t\t<div class=\"elementor-column elementor-col-16 elementor-inner-column elementor-element elementor-element-87ef2b4\" data-id=\"87ef2b4\" data-element_type=\"column\" data-e-type=\"column\">\n\t\t\t<div class=\"elementor-widget-wrap elementor-element-populated\">\n\t\t\t\t\t\t<div class=\"elementor-element elementor-element-a95310a elementor-widget elementor-widget-image\" data-id=\"a95310a\" data-element_type=\"widget\" data-e-type=\"widget\" data-widget_type=\"image.default\">\n\t\t\t\t<div class=\"elementor-widget-container\">\n\t\t\t\t\t\t\t\t\t\t\t\t\t\t\t<img decoding=\"async\" width=\"230\" height=\"95\" src=\"https:\/\/tiagocambara.com\/foto\/wp-content\/uploads\/2024\/04\/logo-home.jpg\" class=\"attachment-large size-large wp-image-1334\" alt=\"Logo Tiago Cambar\u00e1 Fotografia\" sizes=\"100vw\" \/>\t\t\t\t\t\t\t\t\t\t\t\t\t\t\t<\/div>\n\t\t\t\t<\/div>\n\t\t\t\t<div class=\"elementor-element elementor-element-bf5c43f elementor-widget elementor-widget-text-editor\" data-id=\"bf5c43f\" data-element_type=\"widget\" data-e-type=\"widget\" data-widget_type=\"text-editor.default\">\n\t\t\t\t<div class=\"elementor-widget-container\">\n\t\t\t\t\t\t\t\t\t<p>Tiago Cambar\u00e1 \u00e9 fot\u00f3grafo e designer. Iniciou na fotografia registrando o skate no Rio de Janeiro em meados dos anos 1990, tendo colaborado com revistas e sites deste segmento.<\/p><p>Posteriormente, avan\u00e7ou para outros nichos e, hoje, atua em diferentes \u00e1reas al\u00e9m do skate, utilizando tanto o formato digital quanto o anal\u00f3gico.<\/p>\t\t\t\t\t\t\t\t<\/div>\n\t\t\t\t<\/div>\n\t\t\t\t\t<\/div>\n\t\t<\/div>\n\t\t\t\t<div class=\"elementor-column elementor-col-66 elementor-inner-column elementor-element elementor-element-803576d\" data-id=\"803576d\" data-element_type=\"column\" data-e-type=\"column\">\n\t\t\t<div class=\"elementor-widget-wrap elementor-element-populated\">\n\t\t\t\t\t\t<div class=\"elementor-element elementor-element-7167f77 elementor-widget elementor-widget-shortcode\" data-id=\"7167f77\" data-element_type=\"widget\" data-e-type=\"widget\" data-widget_type=\"shortcode.default\">\n\t\t\t\t<div class=\"elementor-widget-container\">\n\t\t\t\t\t\t\t<div class=\"elementor-shortcode\">  <\/div>\n\t\t\t\t\t\t<\/div>\n\t\t\t\t<\/div>\n\t\t\t\t\t<\/div>\n\t\t<\/div>\n\t\t\t\t<div class=\"elementor-column elementor-col-16 elementor-inner-column elementor-element elementor-element-2d3ba9c\" data-id=\"2d3ba9c\" data-element_type=\"column\" data-e-type=\"column\">\n\t\t\t<div class=\"elementor-widget-wrap elementor-element-populated\">\n\t\t\t\t\t\t<div class=\"elementor-element elementor-element-b18c4fe elementor-widget elementor-widget-text-editor\" data-id=\"b18c4fe\" data-element_type=\"widget\" data-e-type=\"widget\" data-widget_type=\"text-editor.default\">\n\t\t\t\t<div class=\"elementor-widget-container\">\n\t\t\t\t\t\t\t\t\t<p><span style=\"text-decoration: underline;\"><strong>Home<\/strong><\/span><\/p>\t\t\t\t\t\t\t\t<\/div>\n\t\t\t\t<\/div>\n\t\t\t\t<div class=\"elementor-element elementor-element-251ecbe elementor-widget-divider--view-line elementor-widget elementor-widget-divider\" data-id=\"251ecbe\" data-element_type=\"widget\" data-e-type=\"widget\" data-widget_type=\"divider.default\">\n\t\t\t\t<div class=\"elementor-widget-container\">\n\t\t\t\t\t\t\t<div class=\"elementor-divider\">\n\t\t\t<span class=\"elementor-divider-separator\">\n\t\t\t\t\t\t<\/span>\n\t\t<\/div>\n\t\t\t\t\t\t<\/div>\n\t\t\t\t<\/div>\n\t\t\t\t<div class=\"elementor-element elementor-element-8e79d1b elementor-widget elementor-widget-text-editor\" data-id=\"8e79d1b\" data-element_type=\"widget\" data-e-type=\"widget\" data-widget_type=\"text-editor.default\">\n\t\t\t\t<div class=\"elementor-widget-container\">\n\t\t\t\t\t\t\t\t\t<p><strong>Galerias:<br \/><\/strong><a href=\"https:\/\/tiagocambara.com\/foto\/02-skate\/\">Skate<\/a><br \/><a href=\"https:\/\/tiagocambara.com\/foto\/03-musica\/\">M\u00fasica<\/a><br \/><a href=\"https:\/\/tiagocambara.com\/foto\/04-ensaios-retratos\/\">Ensaios\/Retratos<\/a><br \/><a href=\"https:\/\/tiagocambara.com\/foto\/05-eventos\/\">Eventos<\/a><br \/><a href=\"https:\/\/tiagocambara.com\/foto\/06-publicidade\/\">Publicidade<\/a><br \/><a href=\"https:\/\/tiagocambara.com\/foto\/07-miscelanea\/\">Miscel\u00e2nea<\/a><\/p>\t\t\t\t\t\t\t\t<\/div>\n\t\t\t\t<\/div>\n\t\t\t\t<div class=\"elementor-element elementor-element-b30e5ca elementor-widget-divider--view-line elementor-widget elementor-widget-divider\" data-id=\"b30e5ca\" data-element_type=\"widget\" data-e-type=\"widget\" data-widget_type=\"divider.default\">\n\t\t\t\t<div class=\"elementor-widget-container\">\n\t\t\t\t\t\t\t<div class=\"elementor-divider\">\n\t\t\t<span class=\"elementor-divider-separator\">\n\t\t\t\t\t\t<\/span>\n\t\t<\/div>\n\t\t\t\t\t\t<\/div>\n\t\t\t\t<\/div>\n\t\t\t\t<div class=\"elementor-element elementor-element-370d89d elementor-widget elementor-widget-text-editor\" data-id=\"370d89d\" data-element_type=\"widget\" data-e-type=\"widget\" data-widget_type=\"text-editor.default\">\n\t\t\t\t<div class=\"elementor-widget-container\">\n\t\t\t\t\t\t\t\t\t<p><a href=\"https:\/\/tiagocambara.com\/foto\/compre-fotos\/\"><strong>Compre fotos<\/strong><\/a><\/p>\t\t\t\t\t\t\t\t<\/div>\n\t\t\t\t<\/div>\n\t\t\t\t<div class=\"elementor-element elementor-element-5ce8888 elementor-widget-divider--view-line elementor-widget elementor-widget-divider\" data-id=\"5ce8888\" data-element_type=\"widget\" data-e-type=\"widget\" data-widget_type=\"divider.default\">\n\t\t\t\t<div class=\"elementor-widget-container\">\n\t\t\t\t\t\t\t<div class=\"elementor-divider\">\n\t\t\t<span class=\"elementor-divider-separator\">\n\t\t\t\t\t\t<\/span>\n\t\t<\/div>\n\t\t\t\t\t\t<\/div>\n\t\t\t\t<\/div>\n\t\t\t\t<div class=\"elementor-element elementor-element-f8e6a4b elementor-widget elementor-widget-text-editor\" data-id=\"f8e6a4b\" data-element_type=\"widget\" data-e-type=\"widget\" data-widget_type=\"text-editor.default\">\n\t\t\t\t<div class=\"elementor-widget-container\">\n\t\t\t\t\t\t\t\t\t<p><a href=\"https:\/\/tiagocambara.com\/foto\/08-contato\/\"><strong>Contato<\/strong><\/a><\/p>\t\t\t\t\t\t\t\t<\/div>\n\t\t\t\t<\/div>\n\t\t\t\t<div class=\"elementor-element elementor-element-275bf69 elementor-widget-divider--view-line elementor-widget elementor-widget-divider\" data-id=\"275bf69\" data-element_type=\"widget\" data-e-type=\"widget\" data-widget_type=\"divider.default\">\n\t\t\t\t<div class=\"elementor-widget-container\">\n\t\t\t\t\t\t\t<div class=\"elementor-divider\">\n\t\t\t<span class=\"elementor-divider-separator\">\n\t\t\t\t\t\t<\/span>\n\t\t<\/div>\n\t\t\t\t\t\t<\/div>\n\t\t\t\t<\/div>\n\t\t\t\t<div class=\"elementor-element elementor-element-5f63236 elementor-widget__width-auto elementor-widget elementor-widget-image\" data-id=\"5f63236\" data-element_type=\"widget\" data-e-type=\"widget\" data-widget_type=\"image.default\">\n\t\t\t\t<div class=\"elementor-widget-container\">\n\t\t\t\t\t\t\t\t\t\t\t\t\t\t\t\t<a href=\"https:\/\/www.instagram.com\/tiagocfoto\/\" target=\"_blank\">\n\t\t\t\t\t\t\t<img decoding=\"async\" width=\"20\" height=\"20\" src=\"https:\/\/tiagocambara.com\/foto\/wp-content\/uploads\/2024\/04\/instagram.png\" class=\"attachment-large size-large wp-image-1481\" alt=\"Instagram\" sizes=\"100vw\" \/>\t\t\t\t\t\t\t\t<\/a>\n\t\t\t\t\t\t\t\t\t\t\t\t\t\t\t<\/div>\n\t\t\t\t<\/div>\n\t\t\t\t<div class=\"elementor-element elementor-element-3419e0c elementor-widget__width-auto elementor-widget elementor-widget-image\" data-id=\"3419e0c\" data-element_type=\"widget\" data-e-type=\"widget\" data-widget_type=\"image.default\">\n\t\t\t\t<div class=\"elementor-widget-container\">\n\t\t\t\t\t\t\t\t\t\t\t\t\t\t\t\t<a href=\"https:\/\/www.facebook.com\/tiagocfoto\" target=\"_blank\">\n\t\t\t\t\t\t\t<img decoding=\"async\" width=\"20\" height=\"20\" src=\"https:\/\/tiagocambara.com\/foto\/wp-content\/uploads\/2024\/04\/facebook.png\" class=\"attachment-large size-large wp-image-1530\" alt=\"Facebook\" sizes=\"100vw\" \/>\t\t\t\t\t\t\t\t<\/a>\n\t\t\t\t\t\t\t\t\t\t\t\t\t\t\t<\/div>\n\t\t\t\t<\/div>\n\t\t\t\t<div class=\"elementor-element elementor-element-7dbc94b elementor-widget__width-auto elementor-widget elementor-widget-image\" data-id=\"7dbc94b\" data-element_type=\"widget\" data-e-type=\"widget\" data-widget_type=\"image.default\">\n\t\t\t\t<div class=\"elementor-widget-container\">\n\t\t\t\t\t\t\t\t\t\t\t\t\t\t\t\t<a href=\"https:\/\/www.flickr.com\/photos\/tiagocambara\/\" target=\"_blank\">\n\t\t\t\t\t\t\t<img loading=\"lazy\" decoding=\"async\" width=\"20\" height=\"20\" src=\"https:\/\/tiagocambara.com\/foto\/wp-content\/uploads\/2024\/04\/flickr.png\" class=\"attachment-large size-large wp-image-1556\" alt=\"Flickr\" sizes=\"100vw\" \/>\t\t\t\t\t\t\t\t<\/a>\n\t\t\t\t\t\t\t\t\t\t\t\t\t\t\t<\/div>\n\t\t\t\t<\/div>\n\t\t\t\t\t<\/div>\n\t\t<\/div>\n\t\t\t\t\t<\/div>\n\t\t<\/section>\n\t\t\t\t<section class=\"elementor-section elementor-inner-section elementor-element elementor-element-80686f8 elementor-section-full_width elementor-section-height-default elementor-section-height-default\" data-id=\"80686f8\" data-element_type=\"section\" data-e-type=\"section\">\n\t\t\t\t\t\t<div class=\"elementor-container elementor-column-gap-default\">\n\t\t\t\t\t<div class=\"elementor-column elementor-col-100 elementor-inner-column elementor-element elementor-element-d254ba9\" data-id=\"d254ba9\" data-element_type=\"column\" data-e-type=\"column\">\n\t\t\t<div class=\"elementor-widget-wrap elementor-element-populated\">\n\t\t\t\t\t\t<div class=\"elementor-element elementor-element-59b363b elementor-widget elementor-widget-text-editor\" data-id=\"59b363b\" data-element_type=\"widget\" data-e-type=\"widget\" data-widget_type=\"text-editor.default\">\n\t\t\t\t<div class=\"elementor-widget-container\">\n\t\t\t\t\t\t\t\t\t<p>\u00a9 Tiago Cambar\u00e1. Todos os direitos reservados.<\/p>\t\t\t\t\t\t\t\t<\/div>\n\t\t\t\t<\/div>\n\t\t\t\t\t<\/div>\n\t\t<\/div>\n\t\t\t\t\t<\/div>\n\t\t<\/section>\n\t\t\t\t\t<\/div>\n\t\t<\/div>\n\t\t\t\t\t<\/div>\n\t\t<\/section>\n\t\t\t\t<section class=\"elementor-section elementor-top-section elementor-element elementor-element-e61d420 elementor-section-full_width elementor-hidden-desktop elementor-section-height-default elementor-section-height-default\" data-id=\"e61d420\" data-element_type=\"section\" data-e-type=\"section\" data-settings=\"{&quot;background_background&quot;:&quot;classic&quot;}\">\n\t\t\t\t\t\t<div class=\"elementor-container elementor-column-gap-no\">\n\t\t\t\t\t<div class=\"elementor-column elementor-col-100 elementor-top-column elementor-element elementor-element-ae0196b\" data-id=\"ae0196b\" data-element_type=\"column\" data-e-type=\"column\">\n\t\t\t<div class=\"elementor-widget-wrap elementor-element-populated\">\n\t\t\t\t\t\t<div class=\"elementor-element elementor-element-605533f elementor-widget elementor-widget-image\" data-id=\"605533f\" data-element_type=\"widget\" data-e-type=\"widget\" data-widget_type=\"image.default\">\n\t\t\t\t<div class=\"elementor-widget-container\">\n\t\t\t\t\t\t\t\t\t\t\t\t\t\t\t<img loading=\"lazy\" decoding=\"async\" width=\"182\" height=\"75\" src=\"https:\/\/tiagocambara.com\/foto\/wp-content\/uploads\/2024\/04\/logo-home-mobile-75.jpg\" class=\"attachment-large size-large wp-image-1790\" alt=\"\" sizes=\"100vw\" \/>\t\t\t\t\t\t\t\t\t\t\t\t\t\t\t<\/div>\n\t\t\t\t<\/div>\n\t\t\t\t\t<\/div>\n\t\t<\/div>\n\t\t\t\t\t<\/div>\n\t\t<\/section>\n\t\t\t\t<section class=\"elementor-section elementor-top-section elementor-element elementor-element-ca86426 elementor-section-full_width elementor-hidden-desktop elementor-section-height-default elementor-section-height-default\" data-id=\"ca86426\" data-element_type=\"section\" data-e-type=\"section\" data-settings=\"{&quot;background_background&quot;:&quot;classic&quot;}\">\n\t\t\t\t\t\t<div class=\"elementor-container elementor-column-gap-no\">\n\t\t\t\t\t<div class=\"elementor-column elementor-col-100 elementor-top-column elementor-element elementor-element-c265d8a\" data-id=\"c265d8a\" data-element_type=\"column\" data-e-type=\"column\">\n\t\t\t<div class=\"elementor-widget-wrap elementor-element-populated\">\n\t\t\t\t\t\t<div class=\"elementor-element elementor-element-baafa78 elementor-widget elementor-widget-wp-widget-maxmegamenu\" data-id=\"baafa78\" data-element_type=\"widget\" data-e-type=\"widget\" data-widget_type=\"wp-widget-maxmegamenu.default\">\n\t\t\t\t<div class=\"elementor-widget-container\">\n\t\t\t\t\t<div id=\"mega-menu-wrap-max_mega_menu_1\" class=\"mega-menu-wrap\"><div class=\"mega-menu-toggle\"><div class=\"mega-toggle-blocks-left\"><\/div><div class=\"mega-toggle-blocks-center\"><\/div><div class=\"mega-toggle-blocks-right\"><div class='mega-toggle-block mega-menu-toggle-block mega-toggle-block-1' id='mega-toggle-block-1'><span aria-expanded=\"false\" aria-haspopup=\"true\" role=\"button\" class='mega-toggle-label'><span class='mega-toggle-label-closed'>MENU<\/span><span class='mega-toggle-label-open'>MENU<\/span><\/span><\/div><\/div><\/div><ul id=\"mega-menu-max_mega_menu_1\" class=\"mega-menu max-mega-menu mega-menu-horizontal mega-no-js\" data-event=\"hover_intent\" data-effect=\"fade_up\" data-effect-speed=\"200\" data-effect-mobile=\"disabled\" data-effect-speed-mobile=\"0\" data-mobile-force-width=\"false\" data-second-click=\"close\" data-document-click=\"collapse\" data-vertical-behaviour=\"standard\" data-breakpoint=\"600\" data-unbind=\"true\" data-mobile-state=\"collapse_all\" data-mobile-direction=\"vertical\"><li class=\"mega-menu-item mega-menu-item-type-post_type mega-menu-item-object-page mega-menu-item-home mega-align-bottom-left mega-menu-flyout mega-menu-item-1615 menu-item\" id=\"mega-menu-item-1615\"><a class=\"mega-menu-link\" href=\"https:\/\/tiagocambara.com\/foto\/\">Home<\/a><\/li><li class=\"mega-menu-item mega-menu-item-type-post_type mega-menu-item-object-page mega-align-bottom-left mega-menu-flyout mega-menu-item-1614 menu-item\" id=\"mega-menu-item-1614\"><a class=\"mega-menu-link\" href=\"https:\/\/tiagocambara.com\/foto\/02-skate\/\">Skate<\/a><\/li><li class=\"mega-menu-item mega-menu-item-type-post_type mega-menu-item-object-page mega-align-bottom-left mega-menu-flyout mega-menu-item-1613 menu-item\" id=\"mega-menu-item-1613\"><a class=\"mega-menu-link\" href=\"https:\/\/tiagocambara.com\/foto\/03-musica\/\">M\u00fasica<\/a><\/li><li class=\"mega-menu-item mega-menu-item-type-post_type mega-menu-item-object-page mega-align-bottom-left mega-menu-flyout mega-menu-item-1612 menu-item\" id=\"mega-menu-item-1612\"><a class=\"mega-menu-link\" href=\"https:\/\/tiagocambara.com\/foto\/04-ensaios-retratos\/\">Ensaios \/ Retratos<\/a><\/li><li class=\"mega-menu-item mega-menu-item-type-post_type mega-menu-item-object-page mega-align-bottom-left mega-menu-flyout mega-menu-item-1611 menu-item\" id=\"mega-menu-item-1611\"><a class=\"mega-menu-link\" href=\"https:\/\/tiagocambara.com\/foto\/05-eventos\/\">Eventos<\/a><\/li><li class=\"mega-menu-item mega-menu-item-type-post_type mega-menu-item-object-page mega-align-bottom-left mega-menu-flyout mega-menu-item-1610 menu-item\" id=\"mega-menu-item-1610\"><a class=\"mega-menu-link\" href=\"https:\/\/tiagocambara.com\/foto\/06-publicidade\/\">Publicidade<\/a><\/li><li class=\"mega-menu-item mega-menu-item-type-post_type mega-menu-item-object-page mega-align-bottom-left mega-menu-flyout mega-menu-item-1609 menu-item\" id=\"mega-menu-item-1609\"><a class=\"mega-menu-link\" href=\"https:\/\/tiagocambara.com\/foto\/07-miscelanea\/\">Miscel\u00e2nea<\/a><\/li><li class=\"mega-menu-item mega-menu-item-type-post_type mega-menu-item-object-page mega-align-bottom-left mega-menu-flyout mega-menu-item-2244 menu-item\" id=\"mega-menu-item-2244\"><a class=\"mega-menu-link\" href=\"https:\/\/tiagocambara.com\/foto\/compre-fotos\/\">Compre fotos<\/a><\/li><li class=\"mega-menu-item mega-menu-item-type-post_type mega-menu-item-object-page mega-align-bottom-left mega-menu-flyout mega-menu-item-1608 menu-item\" id=\"mega-menu-item-1608\"><a class=\"mega-menu-link\" href=\"https:\/\/tiagocambara.com\/foto\/08-contato\/\">Contato<\/a><\/li><li class=\"mega-menu-item mega-menu-item-type-custom mega-menu-item-object-custom mega-align-bottom-left mega-menu-flyout mega-menu-item-1801 menu-item\" id=\"mega-menu-item-1801\"><a target=\"_blank\" class=\"mega-menu-link\" href=\"https:\/\/www.instagram.com\/tiagocfoto\/\">Instagram<\/a><\/li><li class=\"mega-menu-item mega-menu-item-type-custom mega-menu-item-object-custom mega-align-bottom-left mega-menu-flyout mega-menu-item-1802 menu-item\" id=\"mega-menu-item-1802\"><a target=\"_blank\" class=\"mega-menu-link\" href=\"https:\/\/www.facebook.com\/tiagocfoto\">Facebook<\/a><\/li><li class=\"mega-menu-item mega-menu-item-type-custom mega-menu-item-object-custom mega-align-bottom-left mega-menu-flyout mega-menu-item-1803 menu-item\" id=\"mega-menu-item-1803\"><a target=\"_blank\" class=\"mega-menu-link\" href=\"https:\/\/www.flickr.com\/photos\/tiagocambara\/\">Flickr<\/a><\/li><\/ul><\/div>\t\t\t\t<\/div>\n\t\t\t\t<\/div>\n\t\t\t\t\t<\/div>\n\t\t<\/div>\n\t\t\t\t\t<\/div>\n\t\t<\/section>\n\t\t\t\t<section class=\"elementor-section elementor-top-section elementor-element elementor-element-8aad1f1 elementor-section-full_width elementor-section-height-full elementor-section-items-top elementor-hidden-desktop elementor-section-height-default\" data-id=\"8aad1f1\" data-element_type=\"section\" data-e-type=\"section\" data-settings=\"{&quot;background_background&quot;:&quot;classic&quot;}\">\n\t\t\t\t\t\t<div class=\"elementor-container elementor-column-gap-default\">\n\t\t\t\t\t<div class=\"elementor-column elementor-col-100 elementor-top-column elementor-element elementor-element-8bdc1f4\" data-id=\"8bdc1f4\" data-element_type=\"column\" data-e-type=\"column\">\n\t\t\t<div class=\"elementor-widget-wrap elementor-element-populated\">\n\t\t\t\t\t\t<section class=\"elementor-section elementor-inner-section elementor-element elementor-element-9425d26 elementor-section-full_width elementor-section-height-default elementor-section-height-default\" data-id=\"9425d26\" data-element_type=\"section\" data-e-type=\"section\">\n\t\t\t\t\t\t<div class=\"elementor-container elementor-column-gap-default\">\n\t\t\t\t\t<div class=\"elementor-column elementor-col-100 elementor-inner-column elementor-element elementor-element-03774b0\" data-id=\"03774b0\" data-element_type=\"column\" data-e-type=\"column\">\n\t\t\t<div class=\"elementor-widget-wrap elementor-element-populated\">\n\t\t\t\t\t\t<div class=\"elementor-element elementor-element-e0f0f8d elementor-widget elementor-widget-text-editor\" data-id=\"e0f0f8d\" data-element_type=\"widget\" data-e-type=\"widget\" data-widget_type=\"text-editor.default\">\n\t\t\t\t<div class=\"elementor-widget-container\">\n\t\t\t\t\t\t\t\t\t<p>Tiago Cambar\u00e1 \u00e9 fot\u00f3grafo e designer. Iniciou na fotografia registrando o skate no Rio de Janeiro em meados dos anos 1990, tendo colaborado com revistas e sites deste segmento.<\/p><p>Posteriormente, avan\u00e7ou para outros nichos e, hoje, atua em diferentes \u00e1reas al\u00e9m do skate, utilizando tanto o formato digital quanto o anal\u00f3gico.<\/p>\t\t\t\t\t\t\t\t<\/div>\n\t\t\t\t<\/div>\n\t\t\t\t<div class=\"elementor-element elementor-element-2cea17e elementor-widget elementor-widget-text-editor\" data-id=\"2cea17e\" data-element_type=\"widget\" data-e-type=\"widget\" data-widget_type=\"text-editor.default\">\n\t\t\t\t<div class=\"elementor-widget-container\">\n\t\t\t\t\t\t\t\t\t<p>\u00a9 Tiago Cambar\u00e1. Todos os direitos reservados.<\/p>\t\t\t\t\t\t\t\t<\/div>\n\t\t\t\t<\/div>\n\t\t\t\t\t<\/div>\n\t\t<\/div>\n\t\t\t\t\t<\/div>\n\t\t<\/section>\n\t\t\t\t\t<\/div>\n\t\t<\/div>\n\t\t\t\t\t<\/div>\n\t\t<\/section>\n\t\t\t\t<\/div>\n\t\t","protected":false},"excerpt":{"rendered":"<p>Tiago Cambar\u00e1 \u00e9 fot\u00f3grafo e designer. Iniciou na fotografia registrando o skate no Rio de Janeiro em meados dos anos 1990, tendo colaborado com revistas e sites deste segmento. Posteriormente, avan\u00e7ou para outros nichos e, hoje, atua em diferentes \u00e1reas al\u00e9m do skate, utilizando tanto o formato digital quanto o anal\u00f3gico. Home Galerias:SkateM\u00fasicaEnsaios\/RetratosEventosPublicidadeMiscel\u00e2nea Compre fotos &hellip; <\/p>\n<p class=\"link-more\"><a href=\"https:\/\/tiagocambara.com\/foto\/\" class=\"more-link\">Continue lendo<span class=\"screen-reader-text\"> &#8220;Home&#8221;<\/span><\/a><\/p>\n","protected":false},"author":1,"featured_media":0,"parent":0,"menu_order":0,"comment_status":"closed","ping_status":"closed","template":"elementor_canvas","meta":{"_monsterinsights_skip_tracking":false,"_monsterinsights_sitenote_active":false,"_monsterinsights_sitenote_note":"","_monsterinsights_sitenote_category":0,"footnotes":""},"class_list":["post-1324","page","type-page","status-publish","hentry"],"aioseo_notices":[],"_links":{"self":[{"href":"https:\/\/tiagocambara.com\/foto\/wp-json\/wp\/v2\/pages\/1324","targetHints":{"allow":["GET"]}}],"collection":[{"href":"https:\/\/tiagocambara.com\/foto\/wp-json\/wp\/v2\/pages"}],"about":[{"href":"https:\/\/tiagocambara.com\/foto\/wp-json\/wp\/v2\/types\/page"}],"author":[{"embeddable":true,"href":"https:\/\/tiagocambara.com\/foto\/wp-json\/wp\/v2\/users\/1"}],"replies":[{"embeddable":true,"href":"https:\/\/tiagocambara.com\/foto\/wp-json\/wp\/v2\/comments?post=1324"}],"version-history":[{"count":391,"href":"https:\/\/tiagocambara.com\/foto\/wp-json\/wp\/v2\/pages\/1324\/revisions"}],"predecessor-version":[{"id":2334,"href":"https:\/\/tiagocambara.com\/foto\/wp-json\/wp\/v2\/pages\/1324\/revisions\/2334"}],"wp:attachment":[{"href":"https:\/\/tiagocambara.com\/foto\/wp-json\/wp\/v2\/media?parent=1324"}],"curies":[{"name":"wp","href":"https:\/\/api.w.org\/{rel}","templated":true}]}}